{"id":5551,"date":"2021-02-23T10:58:20","date_gmt":"2021-02-23T09:58:20","guid":{"rendered":"https:\/\/sumyrec.com\/cookies-policy\/"},"modified":"2021-02-23T10:58:23","modified_gmt":"2021-02-23T09:58:23","slug":"cookies-policy","status":"publish","type":"page","link":"https:\/\/sumyrec.com\/en\/cookies-policy\/","title":{"rendered":"Cookies policy"},"content":{"rendered":"<p>[vc_row css=&#8221;%7B%22default%22%3A%7B%22background-color%22%3A%22linear-gradient%2890deg%2C%2329663c%2C%2332a232%29%22%7D%7D&#8221;][vc_column][vc_column_text]<\/p>\n<h1 style=\"text-align: center;color: #ffffff\">Cookies policy<\/h1>\n<p>[\/vc_column_text][\/vc_column][\/vc_row][vc_row][vc_column][vc_column_text]<a href=\"https:\/\/sumyrec.com\/en\/\">Suministros y Reciclajes SL<\/a> As responsible for the website sumyrec.com uses its own and third-party cookies that are downloaded to the user&#8217;s browser when the user browses the website sumyrec.com We are bound by the LSSI-CE regulation (Law of the information society and the electronic commerce), to give you as much information as possible about these cookies. Once you have all the information, as a user you can: Refuse the treatment of data or information by blocking these cookies by configuring your browser, which will make our site not work correctly &#8230; Or on the contrary, continue browsing, which It will mean that you will be giving your consent to the use of these cookies (we do not say so, but article 22.2 of Law 34\/2002 on Information Society Services and Electronic Commerce). Cookies policy updated on October 29, 2020<\/p>\n<h4>What are cookies?<\/h4>\n<p>Las cookies son peque\u00f1os archivos de datos que se descargan en el ordenador\/ dispositivo m\u00f3vil del usuario al visitar una p\u00e1gina web y se usan para registrar ciertas interacciones de la navegaci\u00f3n en la web almacenando datos que podr\u00e1n ser actualizados y recuperados.<\/p>\n<h4>What information does a cookie store?<\/h4>\n<p>Cookies do not usually store sensitive information such as credit cards or bank details, photographs or personal information, etc. The data they keep is technical, statistical, personal preferences, personalization of content, etc. They are used to remember user preferences, such as the selected language, access data or personalization of the page. Cookies can also be used to record anonymous information about how a visitor uses a site. For example, from which web page you have accessed, or if you have used an advertising banner to arrive. <\/p>\n<h4>What type of cookies are there?<\/h4>\n<p><strong>Technical cookies:<\/strong> They are the most basic and necessary for a website to function properly. For example, they serve to know: when a human or an automated application is browsing, when an anonymous user and a registered user are browsing, sharing on social networks &#8230; Analysis cookies: used to know the preferences of users. For example, most consulted products, time zone of use, language, etc. Advertising cookies: show advertising based on the user&#8217;s browsing, the frequency of access, etc. <\/p>\n<h4>What cookies does Sumyrec use?<\/h4>\n<p><strong>1. Own cookies<\/strong><\/p>\n<p>&#8211; Personalization: these cookies help to remember with which people or websites the user interacts, in order to display related content. &#8211; Preferences: these cookies allow me to remember user settings and preferences, such as preferred language and privacy settings. &#8211; Security: these cookies are to avoid security risks.<\/p>\n<p><strong>2. Third-party cookies<\/strong><\/p>\n<p>Cookies generated by analysis services: &#8211; Google Analytics: Google tool, whose main address is 1600 Amphitheater Parkway, Mountain View (California), CA 94043, United States, uses cookies that are installed on the user&#8217;s computer to analyze the use that web users do. All the information generated by cookies is transmitted and archived by Google. Social network cookies: Social network cookies can be stored in your browser while you browse ehidra.com, for example when you use the button to share an article from ehidra.com on a social network. The companies that generate these cookies corresponding to the social networks that we use have their own cookie policies: &#8211; Facebook &#8211; Twitter &#8211; Instagram &#8211; LinkedIn So the privacy implications will be based on each social network and will depend on the privacy settings that are in that network. In no case, neither Suministros y Reciclajes SL as the person in charge of sumyrec.com nor the advertisers, can we obtain personally identifiable information from these cookies.<\/p>\n<h4>Manage and disable cookies<\/h4>\n<p>As a user, you can: &#8211; Adapt your browser settings so that you are notified before any are downloaded. &#8211; Adapt the configuration so that the browser rejects all cookies, or only third-party cookies. &#8211; And you can also delete any of the cookies that are already on your computer. For this we leave you the cookie configuration guides of the most used browsers: &#8211; Google Chrome &#8211; Internet explorer &#8211; Mozilla Firefox &#8211; Apple safari<\/p>\n<h4>Is the data collected in cookies used on websites other than Suministros y Reciclajes?<\/h4>\n<p>No. The cookies used are for our exclusive use, which in no case does it market with them. <\/p>\n<h4>More information about cookies<\/h4>\n<p>For more information on the cookies directive, please consult the Official State Gazette published on March 31, 2012 (for Spain) where the directives on electronic communications are transposed. You can also contact us at dpo@ehidra.com<\/p>\n<p>[\/vc_column_text][\/vc_column][\/vc_row]<\/p>\n","protected":false},"excerpt":{"rendered":"<p>[vc_row css=&#8221;%7B%22default%22%3A%7B%22background-color%22%3A%22linear-gradient%2890deg%2C%2329663c%2C%2332a232%29%22%7D%7D&#8221;][vc_column][vc_column_text] Cookies policy [\/vc_column_text][\/vc_column][\/vc_row][vc_row][vc_column][vc_column_text]Suministros y Reciclajes SL As responsible for the website sumyrec.com uses its own and third-party cookies that are downloaded to the user&#8217;s browser when the user browses the website sumyrec.com We are bound by the LSSI-CE regulation (Law of the information society and the electronic commerce), to give you as much [&hellip;]<\/p>\n","protected":false},"author":2,"featured_media":0,"parent":0,"menu_order":0,"comment_status":"closed","ping_status":"closed","template":"","meta":{"_et_pb_use_builder":"","_et_pb_old_content":"","_et_gb_content_width":"","footnotes":""},"class_list":["post-5551","page","type-page","status-publish","hentry"],"yoast_head":"<!-- This site is optimized with the Yoast SEO plugin v26.8 - https:\/\/yoast.com\/product\/yoast-seo-wordpress\/ -->\n<title>Cookies policy - Sumyrec<\/title>\n<meta name=\"robots\" content=\"index, follow, max-snippet:-1, max-image-preview:large, max-video-preview:-1\" \/>\n<link rel=\"canonical\" href=\"https:\/\/sumyrec.com\/en\/cookies-policy\/\" \/>\n<meta property=\"og:locale\" content=\"en_US\" \/>\n<meta property=\"og:type\" content=\"article\" \/>\n<meta property=\"og:title\" content=\"Cookies policy - Sumyrec\" \/>\n<meta property=\"og:description\" content=\"[vc_row css=&#8221;%7B%22default%22%3A%7B%22background-color%22%3A%22linear-gradient%2890deg%2C%2329663c%2C%2332a232%29%22%7D%7D&#8221;][vc_column][vc_column_text] Cookies policy [\/vc_column_text][\/vc_column][\/vc_row][vc_row][vc_column][vc_column_text]Suministros y Reciclajes SL As responsible for the website sumyrec.com uses its own and third-party cookies that are downloaded to the user&#8217;s browser when the user browses the website sumyrec.com We are bound by the LSSI-CE regulation (Law of the information society and the electronic commerce), to give you as much [&hellip;]\" \/>\n<meta property=\"og:url\" content=\"https:\/\/sumyrec.com\/en\/cookies-policy\/\" \/>\n<meta property=\"og:site_name\" content=\"Sumyrec\" \/>\n<meta property=\"article:modified_time\" content=\"2021-02-23T09:58:23+00:00\" \/>\n<meta name=\"twitter:card\" content=\"summary_large_image\" \/>\n<meta name=\"twitter:label1\" content=\"Est. reading time\" \/>\n\t<meta name=\"twitter:data1\" content=\"4 minutes\" \/>\n<script type=\"application\/ld+json\" class=\"yoast-schema-graph\">{\"@context\":\"https:\/\/schema.org\",\"@graph\":[{\"@type\":\"WebPage\",\"@id\":\"https:\/\/sumyrec.com\/en\/cookies-policy\/\",\"url\":\"https:\/\/sumyrec.com\/en\/cookies-policy\/\",\"name\":\"Cookies policy - Sumyrec\",\"isPartOf\":{\"@id\":\"https:\/\/sumyrec.com\/en\/#website\"},\"datePublished\":\"2021-02-23T09:58:20+00:00\",\"dateModified\":\"2021-02-23T09:58:23+00:00\",\"breadcrumb\":{\"@id\":\"https:\/\/sumyrec.com\/en\/cookies-policy\/#breadcrumb\"},\"inLanguage\":\"en-US\",\"potentialAction\":[{\"@type\":\"ReadAction\",\"target\":[\"https:\/\/sumyrec.com\/en\/cookies-policy\/\"]}]},{\"@type\":\"BreadcrumbList\",\"@id\":\"https:\/\/sumyrec.com\/en\/cookies-policy\/#breadcrumb\",\"itemListElement\":[{\"@type\":\"ListItem\",\"position\":1,\"name\":\"Portada\",\"item\":\"https:\/\/sumyrec.com\/en\/\"},{\"@type\":\"ListItem\",\"position\":2,\"name\":\"Cookies policy\"}]},{\"@type\":\"WebSite\",\"@id\":\"https:\/\/sumyrec.com\/en\/#website\",\"url\":\"https:\/\/sumyrec.com\/en\/\",\"name\":\"Sumyrec\",\"description\":\"Experiencia y Calidad en la gesti\u00f3n de residuos\",\"potentialAction\":[{\"@type\":\"SearchAction\",\"target\":{\"@type\":\"EntryPoint\",\"urlTemplate\":\"https:\/\/sumyrec.com\/en\/?s={search_term_string}\"},\"query-input\":{\"@type\":\"PropertyValueSpecification\",\"valueRequired\":true,\"valueName\":\"search_term_string\"}}],\"inLanguage\":\"en-US\"}]}<\/script>\n<!-- \/ Yoast SEO plugin. -->","yoast_head_json":{"title":"Cookies policy - Sumyrec","robots":{"index":"index","follow":"follow","max-snippet":"max-snippet:-1","max-image-preview":"max-image-preview:large","max-video-preview":"max-video-preview:-1"},"canonical":"https:\/\/sumyrec.com\/en\/cookies-policy\/","og_locale":"en_US","og_type":"article","og_title":"Cookies policy - Sumyrec","og_description":"[vc_row css=&#8221;%7B%22default%22%3A%7B%22background-color%22%3A%22linear-gradient%2890deg%2C%2329663c%2C%2332a232%29%22%7D%7D&#8221;][vc_column][vc_column_text] Cookies policy [\/vc_column_text][\/vc_column][\/vc_row][vc_row][vc_column][vc_column_text]Suministros y Reciclajes SL As responsible for the website sumyrec.com uses its own and third-party cookies that are downloaded to the user&#8217;s browser when the user browses the website sumyrec.com We are bound by the LSSI-CE regulation (Law of the information society and the electronic commerce), to give you as much [&hellip;]","og_url":"https:\/\/sumyrec.com\/en\/cookies-policy\/","og_site_name":"Sumyrec","article_modified_time":"2021-02-23T09:58:23+00:00","twitter_card":"summary_large_image","twitter_misc":{"Est. reading time":"4 minutes"},"schema":{"@context":"https:\/\/schema.org","@graph":[{"@type":"WebPage","@id":"https:\/\/sumyrec.com\/en\/cookies-policy\/","url":"https:\/\/sumyrec.com\/en\/cookies-policy\/","name":"Cookies policy - Sumyrec","isPartOf":{"@id":"https:\/\/sumyrec.com\/en\/#website"},"datePublished":"2021-02-23T09:58:20+00:00","dateModified":"2021-02-23T09:58:23+00:00","breadcrumb":{"@id":"https:\/\/sumyrec.com\/en\/cookies-policy\/#breadcrumb"},"inLanguage":"en-US","potentialAction":[{"@type":"ReadAction","target":["https:\/\/sumyrec.com\/en\/cookies-policy\/"]}]},{"@type":"BreadcrumbList","@id":"https:\/\/sumyrec.com\/en\/cookies-policy\/#breadcrumb","itemListElement":[{"@type":"ListItem","position":1,"name":"Portada","item":"https:\/\/sumyrec.com\/en\/"},{"@type":"ListItem","position":2,"name":"Cookies policy"}]},{"@type":"WebSite","@id":"https:\/\/sumyrec.com\/en\/#website","url":"https:\/\/sumyrec.com\/en\/","name":"Sumyrec","description":"Experiencia y Calidad en la gesti\u00f3n de residuos","potentialAction":[{"@type":"SearchAction","target":{"@type":"EntryPoint","urlTemplate":"https:\/\/sumyrec.com\/en\/?s={search_term_string}"},"query-input":{"@type":"PropertyValueSpecification","valueRequired":true,"valueName":"search_term_string"}}],"inLanguage":"en-US"}]}},"_links":{"self":[{"href":"https:\/\/sumyrec.com\/en\/wp-json\/wp\/v2\/pages\/5551","targetHints":{"allow":["GET"]}}],"collection":[{"href":"https:\/\/sumyrec.com\/en\/wp-json\/wp\/v2\/pages"}],"about":[{"href":"https:\/\/sumyrec.com\/en\/wp-json\/wp\/v2\/types\/page"}],"author":[{"embeddable":true,"href":"https:\/\/sumyrec.com\/en\/wp-json\/wp\/v2\/users\/2"}],"replies":[{"embeddable":true,"href":"https:\/\/sumyrec.com\/en\/wp-json\/wp\/v2\/comments?post=5551"}],"version-history":[{"count":6,"href":"https:\/\/sumyrec.com\/en\/wp-json\/wp\/v2\/pages\/5551\/revisions"}],"predecessor-version":[{"id":5557,"href":"https:\/\/sumyrec.com\/en\/wp-json\/wp\/v2\/pages\/5551\/revisions\/5557"}],"wp:attachment":[{"href":"https:\/\/sumyrec.com\/en\/wp-json\/wp\/v2\/media?parent=5551"}],"curies":[{"name":"wp","href":"https:\/\/api.w.org\/{rel}","templated":true}]}}